{"id":23,"date":"2019-03-29T14:08:29","date_gmt":"2019-03-29T14:08:29","guid":{"rendered":"http:\/\/lecomptoirdecuba.fr\/?page_id=23"},"modified":"2020-06-17T12:42:17","modified_gmt":"2020-06-17T12:42:17","slug":"nos-produits","status":"publish","type":"page","link":"https:\/\/lecomptoirdecuba.fr\/?page_id=23","title":{"rendered":"Nos miels"},"content":{"rendered":"\n<DIV CLASS=\"larg\">\n\n<p>\n<span style=\"color:#ff9900\"><font size=\"5\">Le Comptoir de Cuba<\/font><\/span> vous propose les diff\u00e9rents types de miel, de la propolis, du pollen et de la gel\u00e9e royale.<\/p>\n<p>Nous vous invitons \u00e0 d\u00e9couvrir l&#8217;ensemble de nos produits qui pourront, nous l&#8217;esp\u00e9rons vous int\u00e9resser et vous faire voyager dans l&#8217;\u00eele m\u00e9connue de Cuba.<\/p><br\/><br>\n<p>\n<span style=\"color:#ff9900\"><font size=\"6\">\nNos miels monofloraux <\/font> <\/span> <\/p>\n<p class=\"gauche1\">\n<img src=\"https:\/\/i2.wp.com\/lecomptoirdecuba.fr\/wp-content\/uploads\/2017\/05\/carte-r\u00e9gions-de-cuba.jpg?w=324&#038;ssl=1\" px\" data-recalc-dims=\"1\"><\/p class>\n<p><br\/>Chaque r\u00e9gion de Cuba est un terroir unique.<br\/>\nLes grandes r\u00e9gions productrices de miel mono-floral sont Matanzas, Sancti Spiritu, Santiago de Cuba et Granma.<\/p>\n<\/p><\/p style>\n<br><br>\n<span style=\"color:#ff9900\"><font size=\"6\"><br>\nNos miels polyfloraux<\/font><br\/><\/span>\n\n<p class=\"droite\">\n<img src=\"https:\/\/i1.wp.com\/lecomptoirdecuba.fr\/wp-content\/uploads\/2020\/06\/miel-poly.jpg?w=324&#038;ssl=1\" px\" data-recalc-dims=\"1\"><\/p class>\n<p>Le miel polyfloral est r\u00e9colt\u00e9 dans la province de Santiago de Cuba a Contramestre au Sud Est de l\u2019\u00eele. Il est  compos\u00e9 de plusieurs nectars de fleurs tropicales comme le Palmier Royal, l\u2019Amandier tropical, le Romerillo Americano ou Romerillo da Costa, l\u2019Ipomae . Le m\u00e9lange de ces diff\u00e9rents nectars offre un go\u00fbt subtil, fruit\u00e9 avec un saveur incomparable .\n<\/P>\n<br>\n\n<span style=\"color:#ff9900\"><font size=\"6\">\nQu&#8217;est ce que la propolis<\/font><\/span>\n<p>\n\nLa propolis souvent m\u00e9connue, est une substance r\u00e9sineuse r\u00e9colt\u00e9e et transform\u00e9e par les abeilles. Elle est r\u00e9colt\u00e9e sur les bourgeons et sur les \u00e9corces d&#8217;arbres. La propolis est un bouclier naturel tr\u00e8s puissant, les abeilles l&#8217;utilisent pour colmater les fissures, assainir, renforcer la ruche ou pour embaumer les animaux morts afin d&#8217;\u00e9viter leur d\u00e9composition.\n\nElle se trouve \u00eatre un tr\u00e8s bon antibiotique naturel, elle pr\u00e9vient les infections et est un protecteur de l&#8217;immunit\u00e9.<\/p><br\/>\n<span style=\"color:#ff9900\"><font size=\"6\">\nUn peu d&#8217;Histoire&#8230;<\/font><\/span><br\/>\n\n<p class=\"droite\"><br\/>\n<img loading=\"lazy\" src=\"https:\/\/i1.wp.com\/lecomptoirdecuba.fr\/wp-content\/uploads\/2020\/06\/propolis-egypte.jpg?resize=324%2C217&#038;ssl=1\" width=\"324\" height=\"217\" data-recalc-dims=\"1\" \/><\/P class>\n<p>\nDe son \u00e9tymologie latine, &#8220;Propolis&#8221; se d\u00e9compose en deux mots: &#8220;pro&#8221;: en avant et &#8220;polis&#8221;: la cit\u00e9. Ce qui caract\u00e9rise la propolis en tant que d\u00e9fenseur de son environnement.\n<br\/>\nDans l&#8217;ancien temps plusieurs civilisations antiques utilisaient la propolis pour ses vertus uniques. Les \u00c9gyptiens, les Grecs et les Romains l&#8217;utilisaient. Les \u00c9gyptiens s&#8217;en servaient, comme les abeilles pour\u00a0embaumer les morts et pour ses propri\u00e9t\u00e9s anti-bact\u00e9riennes. Les Romains quant \u00e0 eux s&#8217;en servaient pour favoriser la gu\u00e9rison des blessures de guerre, diminuer la douleur et nettoyer les plaies.<br\/><\/p>\n<span style=\"color:#ff9900\"><font size=\"6\">\nDe quoi est-elle compos\u00e9e <\/font><\/span><br\/>\n<p>\nR\u00e9sines et baumes\u00a0: 55%, Flavono\u00efdes et acides organiques\n<br\/>\nHuiles essentielles\u00a0: 7%\n<br\/>\nCire v\u00e9g\u00e9tale et cire d\u2019abeille : 30%\n<br\/>\nPollen\u00a0: 3%\n<br\/>\nAutres\u00a0: 5% mati\u00e8res min\u00e9rales et organiques<br\/><\/p>\n<span style=\"color:#ff9900\"><font size=\"6\">\n<br>Notre propolis <\/font><\/span><BR\/>\n<P>\n<p class=\"gauche1\"><br\/>\n<img src=\"https:\/\/i1.wp.com\/lecomptoirdecuba.fr\/wp-content\/uploads\/2017\/05\/essaim-e1554122271395.jpg?w=300&#038;ssl=1\" px\" data-recalc-dims=\"1\"><\/p class>\n<p>Propolis brune de grattage de Cuba Propolis bio verte en provenance du Br\u00e9sil, disponible sous trois formes :\n<br\/>\nextrait brut<br\/>\nextrait pur sous forme alcoolique\n<br\/>\nextrait lyophilis\u00e9<\/P>\n<br><span style=\"color:#ff9900\"><font size=\"6\">\nLes vertus et bienfaits de la propolis <\/font> <\/SPAN><BR\/>\n\nLa propolis se trouve \u00eatre l&#8217;un des plus puissant bouclier naturel que l&#8217;on peut trouver dans la nature.\n<br>\nElle a les propri\u00e9t\u00e9s suivantes :\n\nantibiotiques, antiseptiques, anti-infectieux (pour traiter les infections respiratoires notamment), antifongiques (contre les mycoses, les champignons, la teigne), antigrippales, protecteur contre les pollutions\nantioxydantes, antiparasitaires (niveau digestif), contre le vieillissement de la peau, favorise la cicatrisation et soigne les br\u00fblures&#8230;<br>\n<\/P>\n<\/DIV>\n\n\n\n<p><\/p>\n","protected":false},"excerpt":{"rendered":"<p>Le Comptoir de Cuba vous propose les diff\u00e9rents types de miel, de la propolis, du pollen et de la gel\u00e9e&hellip;<\/p>\n","protected":false},"author":1,"featured_media":0,"parent":0,"menu_order":0,"comment_status":"closed","ping_status":"closed","template":"","meta":{"spay_email":""},"yoast_head":"<!-- This site is optimized with the Yoast SEO plugin v14.2 - https:\/\/yoast.com\/wordpress\/plugins\/seo\/ -->\n<title>Nos miels - Le Comptoir de Cuba<\/title>\n<meta name=\"robots\" content=\"index, follow\" \/>\n<meta name=\"googlebot\" content=\"index, follow, max-snippet:-1, max-image-preview:large, max-video-preview:-1\" \/>\n<meta name=\"bingbot\" content=\"index, follow, max-snippet:-1, max-image-preview:large, max-video-preview:-1\" \/>\n<link rel=\"canonical\" href=\"https:\/\/lecomptoirdecuba.fr\/?page_id=23\" \/>\n<meta property=\"og:locale\" content=\"fr_FR\" \/>\n<meta property=\"og:type\" content=\"article\" \/>\n<meta property=\"og:title\" content=\"Nos miels - Le Comptoir de Cuba\" \/>\n<meta property=\"og:description\" content=\"Le Comptoir de Cuba vous propose les diff\u00e9rents types de miel, de la propolis, du pollen et de la gel\u00e9e&hellip;\" \/>\n<meta property=\"og:url\" content=\"https:\/\/lecomptoirdecuba.fr\/?page_id=23\" \/>\n<meta property=\"og:site_name\" content=\"Le Comptoir de Cuba\" \/>\n<meta property=\"article:publisher\" content=\"https:\/\/www.facebook.com\/Le-Comptoir-de-Cuba-1817483258571261\/\" \/>\n<meta property=\"article:modified_time\" content=\"2020-06-17T12:42:17+00:00\" \/>\n<meta property=\"og:image\" content=\"https:\/\/lecomptoirdecuba.fr\/wp-content\/uploads\/2017\/05\/carte-r\u00e9gions-de-cuba.jpg\" \/>\n<meta name=\"twitter:card\" content=\"summary_large_image\" \/>\n<script type=\"application\/ld+json\" class=\"yoast-schema-graph\">{\"@context\":\"https:\/\/schema.org\",\"@graph\":[{\"@type\":\"WebSite\",\"@id\":\"https:\/\/lecomptoirdecuba.fr\/#website\",\"url\":\"https:\/\/lecomptoirdecuba.fr\/\",\"name\":\"Le Comptoir de Cuba\",\"description\":\"Importateur et exportateur de produits de la ruche\",\"potentialAction\":[{\"@type\":\"SearchAction\",\"target\":\"https:\/\/lecomptoirdecuba.fr\/?s={search_term_string}\",\"query-input\":\"required name=search_term_string\"}],\"inLanguage\":\"fr-FR\"},{\"@type\":\"ImageObject\",\"@id\":\"https:\/\/lecomptoirdecuba.fr\/?page_id=23#primaryimage\",\"inLanguage\":\"fr-FR\",\"url\":\"https:\/\/i2.wp.com\/lecomptoirdecuba.fr\/wp-content\/uploads\/2017\/05\/carte-r\\u00e9gions-de-cuba.jpg?fit=1197%2C557&ssl=1\",\"width\":1197,\"height\":557},{\"@type\":\"WebPage\",\"@id\":\"https:\/\/lecomptoirdecuba.fr\/?page_id=23#webpage\",\"url\":\"https:\/\/lecomptoirdecuba.fr\/?page_id=23\",\"name\":\"Nos miels - Le Comptoir de Cuba\",\"isPartOf\":{\"@id\":\"https:\/\/lecomptoirdecuba.fr\/#website\"},\"primaryImageOfPage\":{\"@id\":\"https:\/\/lecomptoirdecuba.fr\/?page_id=23#primaryimage\"},\"datePublished\":\"2019-03-29T14:08:29+00:00\",\"dateModified\":\"2020-06-17T12:42:17+00:00\",\"inLanguage\":\"fr-FR\",\"potentialAction\":[{\"@type\":\"ReadAction\",\"target\":[\"https:\/\/lecomptoirdecuba.fr\/?page_id=23\"]}]}]}<\/script>\n<!-- \/ Yoast SEO plugin. -->","jetpack_sharing_enabled":true,"jetpack_shortlink":"https:\/\/wp.me\/P8HpmP-n","jetpack-related-posts":[],"_links":{"self":[{"href":"https:\/\/lecomptoirdecuba.fr\/index.php?rest_route=\/wp\/v2\/pages\/23"}],"collection":[{"href":"https:\/\/lecomptoirdecuba.fr\/index.php?rest_route=\/wp\/v2\/pages"}],"about":[{"href":"https:\/\/lecomptoirdecuba.fr\/index.php?rest_route=\/wp\/v2\/types\/page"}],"author":[{"embeddable":true,"href":"https:\/\/lecomptoirdecuba.fr\/index.php?rest_route=\/wp\/v2\/users\/1"}],"replies":[{"embeddable":true,"href":"https:\/\/lecomptoirdecuba.fr\/index.php?rest_route=%2Fwp%2Fv2%2Fcomments&post=23"}],"version-history":[{"count":63,"href":"https:\/\/lecomptoirdecuba.fr\/index.php?rest_route=\/wp\/v2\/pages\/23\/revisions"}],"predecessor-version":[{"id":1401,"href":"https:\/\/lecomptoirdecuba.fr\/index.php?rest_route=\/wp\/v2\/pages\/23\/revisions\/1401"}],"wp:attachment":[{"href":"https:\/\/lecomptoirdecuba.fr\/index.php?rest_route=%2Fwp%2Fv2%2Fmedia&parent=23"}],"curies":[{"name":"wp","href":"https:\/\/api.w.org\/{rel}","templated":true}]}}