{"id":25,"date":"2019-03-30T14:08:57","date_gmt":"2019-03-30T14:08:57","guid":{"rendered":"http:\/\/lecomptoirdecuba.fr\/?page_id=25"},"modified":"2020-06-06T16:35:35","modified_gmt":"2020-06-06T16:35:35","slug":"notre-propolis","status":"publish","type":"page","link":"https:\/\/lecomptoirdecuba.fr\/?page_id=25","title":{"rendered":"Notre Propolis"},"content":{"rendered":"<p>\u00a0<\/p>\n<h2>Qu&#8217;est ce que la propolis <br \/><\/h2>\n<p style=\"text-align: right;\">La propolis souvent m\u00e9connue, est une substance r\u00e9sineuse <img loading=\"lazy\" src=\"https:\/\/i1.wp.com\/lecomptoirdecuba.fr\/wp-content\/uploads\/2019\/04\/NFUQ2402.jpg?resize=225%2C300&#038;ssl=1\" alt=\"\" width=\"225\" height=\"300\" data-recalc-dims=\"1\" \/>r\u00e9colt\u00e9e et transform\u00e9e par les abeilles. Elle est r\u00e9colt\u00e9e sur les bourgeons et sur les \u00e9corces d&#8217;arbres. La propolis est un bouclier naturel tr\u00e8s puissant, les abeilles l&#8217;utilisent pour colmater les fissures, assainir, renforcer la ruche ou pour embaumer les animaux morts afin d&#8217;\u00e9viter leur d\u00e9composition.<\/p>\n<p style=\"text-align: right;\">Elle se trouve \u00eatre un tr\u00e8s bon antibiotique naturel, elle pr\u00e9vient les infections et est un protecteur de l&#8217;immunit\u00e9.<\/p>\n<h2>Un peu d&#8217;Histoire&#8230;<\/h2>\n<p><img loading=\"lazy\" src=\"https:\/\/i0.wp.com\/lecomptoirdecuba.fr\/wp-content\/uploads\/2020\/06\/propolis-egypte-300x194.jpg?resize=300%2C194&#038;ssl=1\" alt=\"\" width=\"300\" height=\"194\" data-recalc-dims=\"1\" \/>De son \u00e9tymologie latine, &#8220;Propolis&#8221; se d\u00e9compose en deux mots: &#8220;pro&#8221;: en avant et &#8220;polis&#8221;: la cit\u00e9. Ce qui caract\u00e9rise la propolis en tant que d\u00e9fenseur de son environnement.<\/p>\n<p>Dans l&#8217;ancien temps plusieurs civilisations antiques utilisaient la propolis pour ses vertus uniques. Les \u00c9gyptiens, les Grecs et les Romains l&#8217;utilisaient. Les \u00c9gyptiens s&#8217;en servaient, comme les abeilles pour\u00a0embaumer les morts et pour ses propri\u00e9t\u00e9s anti-bact\u00e9riennes. Les Romains quant \u00e0 eux s&#8217;en servaient pour favoriser la gu\u00e9rison des blessures de guerre, diminuer la douleur et nettoyer les plaies.<\/p>\n<h2>De quoi est-elle compos\u00e9e<\/h2>\n<p>R\u00e9sines et baumes\u00a0: 55%, Flavono\u00efdes et acides organiques<\/p>\n<p>Huiles essentielles\u00a0: 7%<\/p>\n<p>Cire\u00a0: 30% cire v\u00e9g\u00e9tale et cire d\u2019abeille<\/p>\n<p>Pollen\u00a0: 3%<\/p>\n<p>Autres\u00a0: 5% mati\u00e8res min\u00e9rales et organiques<\/p>\n<h2>Notre propolis<\/h2>\n<p><strong>Propolis brune<\/strong> de grattage de Cuba Propolis bio verte en provenance du Br\u00e9sil, disponible sous trois formes :<\/p>\n<ol>\n<li><strong>extrait brut<\/strong><\/li>\n<li><strong>extrait pur sous forme alcoolique<\/strong><\/li>\n<li>e<strong>xtrait lyophilis\u00e9<\/strong><\/li>\n<\/ol>\n<h2>Les vertus et bienfaits de la propolis<\/h2>\n<p>La propolis se trouve \u00eatre l&#8217;un des plus puissant bouclier naturel que l&#8217;on peut trouver dans la nature.<\/p>\n<p>Il a les propri\u00e9t\u00e9s suivantes :<\/p>\n<ul>\n<li>antibiotiques<\/li>\n<li>antiseptiques<\/li>\n<li>anti-infectieux (pour traiter les infections respiratoires notamment)<\/li>\n<li>antifongiques (contre les mycoses, les champignons, la teigne)<\/li>\n<li>antigrippales<\/li>\n<li>protecteur contre les pollutions<\/li>\n<li>antioxydantes<\/li>\n<li>antiparasitaires (niveau digestif)<\/li>\n<li>contre le vieillissement de la peau, favorise la cicatrisation et soigne les br\u00fblures.<\/li>\n<\/ul>\n<h2>\u00a0<\/h2>\n<p>\u00a0<\/p>\n<p><\/p>\n<p><\/p>","protected":false},"excerpt":{"rendered":"<p>\u00a0 Qu&#8217;est ce que la propolis La propolis souvent m\u00e9connue, est une substance r\u00e9sineuse r\u00e9colt\u00e9e et transform\u00e9e par les abeilles.&hellip;<\/p>\n","protected":false},"author":1,"featured_media":99,"parent":0,"menu_order":0,"comment_status":"closed","ping_status":"closed","template":"","meta":{"spay_email":""},"yoast_head":"<!-- This site is optimized with the Yoast SEO plugin v14.2 - https:\/\/yoast.com\/wordpress\/plugins\/seo\/ -->\n<title>Notre Propolis - Le Comptoir de Cuba<\/title>\n<meta name=\"robots\" content=\"index, follow\" \/>\n<meta name=\"googlebot\" content=\"index, follow, max-snippet:-1, max-image-preview:large, max-video-preview:-1\" \/>\n<meta name=\"bingbot\" content=\"index, follow, max-snippet:-1, max-image-preview:large, max-video-preview:-1\" \/>\n<link rel=\"canonical\" href=\"https:\/\/lecomptoirdecuba.fr\/?page_id=25\" \/>\n<meta property=\"og:locale\" content=\"fr_FR\" \/>\n<meta property=\"og:type\" content=\"article\" \/>\n<meta property=\"og:title\" content=\"Notre Propolis - Le Comptoir de Cuba\" \/>\n<meta property=\"og:description\" content=\"\u00a0 Qu&#8217;est ce que la propolis La propolis souvent m\u00e9connue, est une substance r\u00e9sineuse r\u00e9colt\u00e9e et transform\u00e9e par les abeilles.&hellip;\" \/>\n<meta property=\"og:url\" content=\"https:\/\/lecomptoirdecuba.fr\/?page_id=25\" \/>\n<meta property=\"og:site_name\" content=\"Le Comptoir de Cuba\" \/>\n<meta property=\"article:publisher\" content=\"https:\/\/www.facebook.com\/Le-Comptoir-de-Cuba-1817483258571261\/\" \/>\n<meta property=\"article:modified_time\" content=\"2020-06-06T16:35:35+00:00\" \/>\n<meta property=\"og:image\" content=\"https:\/\/i1.wp.com\/lecomptoirdecuba.fr\/wp-content\/uploads\/2017\/05\/essaim-e1554122271395.jpg?fit=960%2C283&#038;ssl=1\" \/>\n\t<meta property=\"og:image:width\" content=\"960\" \/>\n\t<meta property=\"og:image:height\" content=\"283\" \/>\n<meta name=\"twitter:card\" content=\"summary_large_image\" \/>\n<script type=\"application\/ld+json\" class=\"yoast-schema-graph\">{\"@context\":\"https:\/\/schema.org\",\"@graph\":[{\"@type\":\"WebSite\",\"@id\":\"https:\/\/lecomptoirdecuba.fr\/#website\",\"url\":\"https:\/\/lecomptoirdecuba.fr\/\",\"name\":\"Le Comptoir de Cuba\",\"description\":\"Importateur et exportateur de produits de la ruche\",\"potentialAction\":[{\"@type\":\"SearchAction\",\"target\":\"https:\/\/lecomptoirdecuba.fr\/?s={search_term_string}\",\"query-input\":\"required name=search_term_string\"}],\"inLanguage\":\"fr-FR\"},{\"@type\":\"ImageObject\",\"@id\":\"https:\/\/lecomptoirdecuba.fr\/?page_id=25#primaryimage\",\"inLanguage\":\"fr-FR\",\"url\":\"https:\/\/i1.wp.com\/lecomptoirdecuba.fr\/wp-content\/uploads\/2017\/05\/essaim-e1554122271395.jpg?fit=960%2C283&ssl=1\",\"width\":960,\"height\":283},{\"@type\":\"WebPage\",\"@id\":\"https:\/\/lecomptoirdecuba.fr\/?page_id=25#webpage\",\"url\":\"https:\/\/lecomptoirdecuba.fr\/?page_id=25\",\"name\":\"Notre Propolis - Le Comptoir de Cuba\",\"isPartOf\":{\"@id\":\"https:\/\/lecomptoirdecuba.fr\/#website\"},\"primaryImageOfPage\":{\"@id\":\"https:\/\/lecomptoirdecuba.fr\/?page_id=25#primaryimage\"},\"datePublished\":\"2019-03-30T14:08:57+00:00\",\"dateModified\":\"2020-06-06T16:35:35+00:00\",\"inLanguage\":\"fr-FR\",\"potentialAction\":[{\"@type\":\"ReadAction\",\"target\":[\"https:\/\/lecomptoirdecuba.fr\/?page_id=25\"]}]}]}<\/script>\n<!-- \/ Yoast SEO plugin. -->","jetpack_sharing_enabled":true,"jetpack_shortlink":"https:\/\/wp.me\/P8HpmP-p","jetpack-related-posts":[],"_links":{"self":[{"href":"https:\/\/lecomptoirdecuba.fr\/index.php?rest_route=\/wp\/v2\/pages\/25"}],"collection":[{"href":"https:\/\/lecomptoirdecuba.fr\/index.php?rest_route=\/wp\/v2\/pages"}],"about":[{"href":"https:\/\/lecomptoirdecuba.fr\/index.php?rest_route=\/wp\/v2\/types\/page"}],"author":[{"embeddable":true,"href":"https:\/\/lecomptoirdecuba.fr\/index.php?rest_route=\/wp\/v2\/users\/1"}],"replies":[{"embeddable":true,"href":"https:\/\/lecomptoirdecuba.fr\/index.php?rest_route=%2Fwp%2Fv2%2Fcomments&post=25"}],"version-history":[{"count":17,"href":"https:\/\/lecomptoirdecuba.fr\/index.php?rest_route=\/wp\/v2\/pages\/25\/revisions"}],"predecessor-version":[{"id":1029,"href":"https:\/\/lecomptoirdecuba.fr\/index.php?rest_route=\/wp\/v2\/pages\/25\/revisions\/1029"}],"wp:featuredmedia":[{"embeddable":true,"href":"https:\/\/lecomptoirdecuba.fr\/index.php?rest_route=\/wp\/v2\/media\/99"}],"wp:attachment":[{"href":"https:\/\/lecomptoirdecuba.fr\/index.php?rest_route=%2Fwp%2Fv2%2Fmedia&parent=25"}],"curies":[{"name":"wp","href":"https:\/\/api.w.org\/{rel}","templated":true}]}}